{"id":3939,"date":"2024-01-16T18:05:18","date_gmt":"2024-01-16T18:05:18","guid":{"rendered":"https:\/\/www.glampingaandemaas.nl\/?page_id=3939"},"modified":"2024-01-16T18:05:18","modified_gmt":"2024-01-16T18:05:18","slug":"er-op-uit-fiets-wandelroutes","status":"publish","type":"page","link":"https:\/\/www.glampingaandemaas.nl\/de\/er-op-uit-fiets-wandelroutes\/","title":{"rendered":"Er op uit &#8211; fiets-wandelroutes"},"content":{"rendered":"<div data-elementor-type=\"wp-page\" data-elementor-id=\"3939\" class=\"elementor elementor-3939\">\n\t\t\t\t\t\t<section class=\"elementor-section elementor-top-section elementor-element elementor-element-3abb1276 elementor-section-height-min-height elementor-section-full_width elementor-section-items-stretch elementor-section-content-middle elementor-section-height-default\" data-id=\"3abb1276\" data-element_type=\"section\" data-settings=\"{&quot;background_background&quot;:&quot;classic&quot;}\">\n\t\t\t\t\t\t\t<div class=\"elementor-background-overlay\"><\/div>\n\t\t\t\t\t\t\t<div class=\"elementor-container elementor-column-gap-default\">\n\t\t\t\t\t<div class=\"elementor-column elementor-col-100 elementor-top-column elementor-element elementor-element-337c8fc3\" data-id=\"337c8fc3\" data-element_type=\"column\">\n\t\t\t<div class=\"elementor-widget-wrap elementor-element-populated\">\n\t\t\t\t\t\t<div class=\"elementor-element elementor-element-4067cc5b elementor-widget elementor-widget-heading\" data-id=\"4067cc5b\" data-element_type=\"widget\" data-widget_type=\"heading.default\">\n\t\t\t\t<div class=\"elementor-widget-container\">\n\t\t\t<h2 class=\"elementor-heading-title elementor-size-default\">Unsere Rad- und Wanderwege<\/h2>\t\t<\/div>\n\t\t\t\t<\/div>\n\t\t\t\t<div class=\"elementor-element elementor-element-289e5cf elementor-widget__width-auto elementor-absolute bh-animated-line elementor-widget-divider--view-line elementor-widget elementor-widget-divider\" data-id=\"289e5cf\" data-element_type=\"widget\" data-settings=\"{&quot;_position&quot;:&quot;absolute&quot;}\" data-widget_type=\"divider.default\">\n\t\t\t\t<div class=\"elementor-widget-container\">\n\t\t\t\t\t<div class=\"elementor-divider\">\n\t\t\t<span class=\"elementor-divider-separator\">\n\t\t\t\t\t\t<\/span>\n\t\t<\/div>\n\t\t\t\t<\/div>\n\t\t\t\t<\/div>\n\t\t\t\t\t<\/div>\n\t\t<\/div>\n\t\t\t\t\t<\/div>\n\t\t<\/section>\n\t\t\t\t<section class=\"elementor-section elementor-top-section elementor-element elementor-element-2b57f911 elementor-section-full_width elementor-section-height-default elementor-section-height-default\" data-id=\"2b57f911\" data-element_type=\"section\" data-settings=\"{&quot;background_background&quot;:&quot;gradient&quot;}\">\n\t\t\t\t\t\t<div class=\"elementor-container elementor-column-gap-no\">\n\t\t\t\t\t<div class=\"elementor-column elementor-col-100 elementor-top-column elementor-element elementor-element-a3adf54\" data-id=\"a3adf54\" data-element_type=\"column\">\n\t\t\t<div class=\"elementor-widget-wrap elementor-element-populated\">\n\t\t\t\t\t\t<section class=\"elementor-section elementor-inner-section elementor-element elementor-element-c0df915 elementor-section-boxed elementor-section-height-default elementor-section-height-default\" data-id=\"c0df915\" data-element_type=\"section\">\n\t\t\t\t\t\t<div class=\"elementor-container elementor-column-gap-default\">\n\t\t\t\t\t<div class=\"elementor-column elementor-col-100 elementor-inner-column elementor-element elementor-element-1a1a6b1\" data-id=\"1a1a6b1\" data-element_type=\"column\">\n\t\t\t<div class=\"elementor-widget-wrap elementor-element-populated\">\n\t\t\t\t\t\t<div class=\"elementor-element elementor-element-c29f7a6 elementor-widget elementor-widget-heading\" data-id=\"c29f7a6\" data-element_type=\"widget\" data-widget_type=\"heading.default\">\n\t\t\t\t<div class=\"elementor-widget-container\">\n\t\t\t<h3 class=\"elementor-heading-title elementor-size-default\">Einige Vorschl\u00e4ge<\/h3>\t\t<\/div>\n\t\t\t\t<\/div>\n\t\t\t\t<div class=\"elementor-element elementor-element-0d754a3 elementor-widget elementor-widget-text-editor\" data-id=\"0d754a3\" data-element_type=\"widget\" data-widget_type=\"text-editor.default\">\n\t\t\t\t<div class=\"elementor-widget-container\">\n\t\t\t\t\t\t\t<p>In Kessel und Umgebung gibt es zahlreiche sch\u00f6ne Rad- und Wanderwege. Aber auch weit dar\u00fcber hinaus. Es lohnt sich zum Beispiel auf jeden Fall, mit dem Fahrrad nach Br\u00fcggen in Deutschland zu fahren oder durch den wundersch\u00f6nen Nationalpark De Meinweg in der N\u00e4he von Roermond zu wandern.&nbsp;<\/p>\n<p class=\"translation-block\">Die Knotenpunktrouten weisen automatisch den Weg. Rad- und Wanderkarten der Region sind in den Tourismusb\u00fcros in <a href=\"https:\/\/www.kessel-limburg.nl\/vvv-kessel\/\" target=\"_blank\">Kessel<\/a> und <a href=\"https:\/\/www.visitnoordlimburg.nl\/nl\/vvv-panningen-toeristisch-informatie-huis-peel-en-maas\" target=\"_blank\">Panningen<\/a> erh\u00e4ltlich <span style=\"background-color: transparent;letter-spacing: 0px\">oder k\u00f6nnen online bestellt werden.<\/span><\/p>\n<p><span style=\"background-color: transparent; letter-spacing: 0px;\">Nachfolgend einige Beispiele aus der Umgebung von Kessel:<\/span><\/p>\t\t\t\t\t\t<\/div>\n\t\t\t\t<\/div>\n\t\t\t\t<div class=\"elementor-element elementor-element-2216851 elementor-widget-divider--view-line elementor-widget elementor-widget-divider\" data-id=\"2216851\" data-element_type=\"widget\" data-widget_type=\"divider.default\">\n\t\t\t\t<div class=\"elementor-widget-container\">\n\t\t\t\t\t<div class=\"elementor-divider\">\n\t\t\t<span class=\"elementor-divider-separator\">\n\t\t\t\t\t\t<\/span>\n\t\t<\/div>\n\t\t\t\t<\/div>\n\t\t\t\t<\/div>\n\t\t\t\t\t<\/div>\n\t\t<\/div>\n\t\t\t\t\t<\/div>\n\t\t<\/section>\n\t\t\t\t\t<\/div>\n\t\t<\/div>\n\t\t\t\t\t<\/div>\n\t\t<\/section>\n\t\t\t\t<section class=\"elementor-section elementor-top-section elementor-element elementor-element-6a77e7e elementor-section-boxed elementor-section-height-default elementor-section-height-default\" data-id=\"6a77e7e\" data-element_type=\"section\">\n\t\t\t\t\t\t<div class=\"elementor-container elementor-column-gap-no\">\n\t\t\t\t\t<div class=\"elementor-column elementor-col-100 elementor-top-column elementor-element elementor-element-e4f0a5c\" data-id=\"e4f0a5c\" data-element_type=\"column\">\n\t\t\t<div class=\"elementor-widget-wrap elementor-element-populated\">\n\t\t\t\t\t\t<div class=\"elementor-element elementor-element-174d8df elementor-widget-divider--view-line elementor-widget elementor-widget-divider\" data-id=\"174d8df\" data-element_type=\"widget\" data-widget_type=\"divider.default\">\n\t\t\t\t<div class=\"elementor-widget-container\">\n\t\t\t\t\t<div class=\"elementor-divider\">\n\t\t\t<span class=\"elementor-divider-separator\">\n\t\t\t\t\t\t<\/span>\n\t\t<\/div>\n\t\t\t\t<\/div>\n\t\t\t\t<\/div>\n\t\t\t\t\t<\/div>\n\t\t<\/div>\n\t\t\t\t\t<\/div>\n\t\t<\/section>\n\t\t\t\t<section class=\"elementor-section elementor-top-section elementor-element elementor-element-b2c724e elementor-section-boxed elementor-section-height-default elementor-section-height-default\" data-id=\"b2c724e\" data-element_type=\"section\">\n\t\t\t\t\t\t<div class=\"elementor-container elementor-column-gap-default\">\n\t\t\t\t\t<div class=\"elementor-column elementor-col-100 elementor-top-column elementor-element elementor-element-6c5f375\" data-id=\"6c5f375\" data-element_type=\"column\">\n\t\t\t<div class=\"elementor-widget-wrap elementor-element-populated\">\n\t\t\t\t\t\t<section class=\"elementor-section elementor-inner-section elementor-element elementor-element-a1a6901 elementor-section-boxed elementor-section-height-default elementor-section-height-default\" data-id=\"a1a6901\" data-element_type=\"section\">\n\t\t\t\t\t\t<div class=\"elementor-container elementor-column-gap-wide\">\n\t\t\t\t\t<div class=\"elementor-column elementor-col-50 elementor-inner-column elementor-element elementor-element-a6e8817\" data-id=\"a6e8817\" data-element_type=\"column\">\n\t\t\t<div class=\"elementor-widget-wrap elementor-element-populated\">\n\t\t\t\t\t\t<div class=\"elementor-element elementor-element-fd82bd3 elementor-widget elementor-widget-image\" data-id=\"fd82bd3\" data-element_type=\"widget\" data-widget_type=\"image.default\">\n\t\t\t\t<div class=\"elementor-widget-container\">\n\t\t\t\t\t\t\t\t\t\t\t\t\t<img fetchpriority=\"high\" decoding=\"async\" width=\"400\" height=\"312\" src=\"https:\/\/www.glampingaandemaas.nl\/wp-content\/uploads\/2023\/09\/fietsen.jpg\" class=\"attachment-full size-full wp-image-3930\" alt=\"fietsen-wandelen\" srcset=\"https:\/\/www.glampingaandemaas.nl\/wp-content\/uploads\/2023\/09\/fietsen.jpg 400w, https:\/\/www.glampingaandemaas.nl\/wp-content\/uploads\/2023\/09\/fietsen-15x12.jpg 15w\" sizes=\"(max-width: 400px) 100vw, 400px\" \/>\t\t\t\t\t\t\t\t\t\t\t\t\t<\/div>\n\t\t\t\t<\/div>\n\t\t\t\t\t<\/div>\n\t\t<\/div>\n\t\t\t\t<div class=\"elementor-column elementor-col-50 elementor-inner-column elementor-element elementor-element-c9da221\" data-id=\"c9da221\" data-element_type=\"column\">\n\t\t\t<div class=\"elementor-widget-wrap elementor-element-populated\">\n\t\t\t\t\t\t<div class=\"elementor-element elementor-element-2159871 elementor-widget elementor-widget-heading\" data-id=\"2159871\" data-element_type=\"widget\" data-widget_type=\"heading.default\">\n\t\t\t\t<div class=\"elementor-widget-container\">\n\t\t\t<h3 class=\"elementor-heading-title elementor-size-default\">Radfahren entlang der Maas nach Venlo<\/h3>\t\t<\/div>\n\t\t\t\t<\/div>\n\t\t\t\t<div class=\"elementor-element elementor-element-a88d2bb elementor-widget elementor-widget-text-editor\" data-id=\"a88d2bb\" data-element_type=\"widget\" data-widget_type=\"text-editor.default\">\n\t\t\t\t<div class=\"elementor-widget-container\">\n\t\t\t\t\t\t\t<p>Auf dem Weg dorthin radeln Sie zwischen Kessel und Baarlo vorbei an Wiesen mit Pferden und Feldern mit verschiedenen Feldfr\u00fcchten, die dann gr\u00fcnen Alleen und Stra\u00dfen durch Hout-Blerick weichen. Sie haben den Flusslauf stets im Blick. Sie \u00fcberqueren die Maas \u00fcber den Radweg der Eisenbahnbr\u00fccke und k\u00f6nnen auf dem Maasboulevard einen Snack und ein Getr\u00e4nk genie\u00dfen.<br \/>Auf dem R\u00fcckweg radeln Sie \u00fcber den Deich am rechten Maasufer in das Dorf Steyl. Vorbei an den Kl\u00f6stern biegen Sie rechts ab zur F\u00e4hre. Von dort kehren Sie \u00fcber Baarlo nach Kessel zur\u00fcck.<\/p><p><b>Knotenpunkte<\/b><br \/>54 &#8211; 58 &#8211; 4 &#8211; 59 &#8211; 9 &#8211; 11 &#8211; 8 &#8211; 5 &#8211; 4 &#8211; 58 &#8211; 54 &#8211; 53<\/p>\t\t\t\t\t\t<\/div>\n\t\t\t\t<\/div>\n\t\t\t\t\t<\/div>\n\t\t<\/div>\n\t\t\t\t\t<\/div>\n\t\t<\/section>\n\t\t\t\t<section class=\"elementor-section elementor-inner-section elementor-element elementor-element-2dae97e elementor-section-boxed elementor-section-height-default elementor-section-height-default\" data-id=\"2dae97e\" data-element_type=\"section\">\n\t\t\t\t\t\t<div class=\"elementor-container elementor-column-gap-default\">\n\t\t\t\t\t<div class=\"elementor-column elementor-col-50 elementor-inner-column elementor-element elementor-element-07f930f\" data-id=\"07f930f\" data-element_type=\"column\">\n\t\t\t<div class=\"elementor-widget-wrap elementor-element-populated\">\n\t\t\t\t\t\t<div class=\"elementor-element elementor-element-a1837e9 elementor-widget elementor-widget-image\" data-id=\"a1837e9\" data-element_type=\"widget\" data-widget_type=\"image.default\">\n\t\t\t\t<div class=\"elementor-widget-container\">\n\t\t\t\t\t\t\t\t\t\t\t\t\t<img fetchpriority=\"high\" decoding=\"async\" width=\"400\" height=\"312\" src=\"https:\/\/www.glampingaandemaas.nl\/wp-content\/uploads\/2023\/09\/fietsen.jpg\" class=\"attachment-full size-full wp-image-3930\" alt=\"fietsen-wandelen\" srcset=\"https:\/\/www.glampingaandemaas.nl\/wp-content\/uploads\/2023\/09\/fietsen.jpg 400w, https:\/\/www.glampingaandemaas.nl\/wp-content\/uploads\/2023\/09\/fietsen-15x12.jpg 15w\" sizes=\"(max-width: 400px) 100vw, 400px\" \/>\t\t\t\t\t\t\t\t\t\t\t\t\t<\/div>\n\t\t\t\t<\/div>\n\t\t\t\t\t<\/div>\n\t\t<\/div>\n\t\t\t\t<div class=\"elementor-column elementor-col-50 elementor-inner-column elementor-element elementor-element-3e09df8\" data-id=\"3e09df8\" data-element_type=\"column\">\n\t\t\t<div class=\"elementor-widget-wrap elementor-element-populated\">\n\t\t\t\t\t\t<div class=\"elementor-element elementor-element-575c4c7 elementor-widget elementor-widget-heading\" data-id=\"575c4c7\" data-element_type=\"widget\" data-widget_type=\"heading.default\">\n\t\t\t\t<div class=\"elementor-widget-container\">\n\t\t\t<h3 class=\"elementor-heading-title elementor-size-default\">\u00dcberqueren Sie die Maas mit der Fu\u00df-\/Fahrradf\u00e4hre in Neer<\/h3>\t\t<\/div>\n\t\t\t\t<\/div>\n\t\t\t\t<div class=\"elementor-element elementor-element-fb6b9ab elementor-widget elementor-widget-text-editor\" data-id=\"fb6b9ab\" data-element_type=\"widget\" data-widget_type=\"text-editor.default\">\n\t\t\t\t<div class=\"elementor-widget-container\">\n\t\t\t\t\t\t\t<p>Von Kessel aus radeln oder wandern Sie \u00fcber eine sch\u00f6ne Route Richtung S\u00fcden zum Mussenberg. Von hier aus haben Sie einen sch\u00f6nen erh\u00f6hten Blick \u00fcber die Maas. Fahren Sie weiter am Fluss entlang bis zur Fu\u00df-\/Fahrradf\u00e4hre in Neer. Auf der anderen Seite radeln Sie durch die Auen und gelangen \u00fcber eine sch\u00f6ne l\u00e4ndliche Route zur F\u00e4hre in Beesel. Die F\u00e4hre bringt Sie zur\u00fcck ins Zentrum von Kessel.<\/p><p><b>Knotenpunkte<\/b><br \/>53 &#8211; 76 &#8211; 05 &#8211; 04 &#8211; 03 &#8211; 53<\/p>\t\t\t\t\t\t<\/div>\n\t\t\t\t<\/div>\n\t\t\t\t\t<\/div>\n\t\t<\/div>\n\t\t\t\t\t<\/div>\n\t\t<\/section>\n\t\t\t\t<section class=\"elementor-section elementor-inner-section elementor-element elementor-element-9ad159a elementor-section-boxed elementor-section-height-default elementor-section-height-default\" data-id=\"9ad159a\" data-element_type=\"section\">\n\t\t\t\t\t\t<div class=\"elementor-container elementor-column-gap-wide\">\n\t\t\t\t\t<div class=\"elementor-column elementor-col-50 elementor-inner-column elementor-element elementor-element-cfe1ee0\" data-id=\"cfe1ee0\" data-element_type=\"column\">\n\t\t\t<div class=\"elementor-widget-wrap elementor-element-populated\">\n\t\t\t\t\t\t<div class=\"elementor-element elementor-element-9a214f9 elementor-widget elementor-widget-image\" data-id=\"9a214f9\" data-element_type=\"widget\" data-widget_type=\"image.default\">\n\t\t\t\t<div class=\"elementor-widget-container\">\n\t\t\t\t\t\t\t\t\t\t\t\t\t<img decoding=\"async\" width=\"400\" height=\"312\" src=\"https:\/\/www.glampingaandemaas.nl\/wp-content\/uploads\/2023\/12\/20230730_132619-rotated1.jpg\" class=\"attachment-full size-full wp-image-4171\" alt=\"Natuur\" srcset=\"https:\/\/www.glampingaandemaas.nl\/wp-content\/uploads\/2023\/12\/20230730_132619-rotated1.jpg 400w, https:\/\/www.glampingaandemaas.nl\/wp-content\/uploads\/2023\/12\/20230730_132619-rotated1-15x12.jpg 15w\" sizes=\"(max-width: 400px) 100vw, 400px\" \/>\t\t\t\t\t\t\t\t\t\t\t\t\t<\/div>\n\t\t\t\t<\/div>\n\t\t\t\t\t<\/div>\n\t\t<\/div>\n\t\t\t\t<div class=\"elementor-column elementor-col-50 elementor-inner-column elementor-element elementor-element-ee8d097\" data-id=\"ee8d097\" data-element_type=\"column\">\n\t\t\t<div class=\"elementor-widget-wrap elementor-element-populated\">\n\t\t\t\t\t\t<div class=\"elementor-element elementor-element-5b366c5 elementor-widget elementor-widget-heading\" data-id=\"5b366c5\" data-element_type=\"widget\" data-widget_type=\"heading.default\">\n\t\t\t\t<div class=\"elementor-widget-container\">\n\t\t\t<h3 class=\"elementor-heading-title elementor-size-default\">Wundervoller Spaziergang in Leudal<\/h3>\t\t<\/div>\n\t\t\t\t<\/div>\n\t\t\t\t<div class=\"elementor-element elementor-element-a717982 elementor-widget elementor-widget-text-editor\" data-id=\"a717982\" data-element_type=\"widget\" data-widget_type=\"text-editor.default\">\n\t\t\t\t<div class=\"elementor-widget-container\">\n\t\t\t\t\t\t\t<p>Diesen Spaziergang sollten Sie sich auf keinen Fall entgehen lassen. Parken Sie beim <a href=\"https:\/\/www.bezoekerscentrumleudal.nl\/\" target=\"_blank\" rel=\"noopener\">Besucherzentrum Leudal<\/a>&nbsp;am Roggelseweg 58 in Haelen. An der Pumpstation schl\u00e4ngelt sich ein Wanderweg entlang der kurvenreichen Leubeek. Sehen Sie sich die Arbeit der Biber an oder besichtigen Sie den Ort, an dem im Fr\u00fchjahr Eisv\u00f6gel in den Ufermauern br\u00fcten. Es ist ein wundersch\u00f6ner Weg, da es gro\u00dfe H\u00f6henunterschiede gibt, die sch\u00f6ne Aussichten bieten. Besuchen Sie die Wasserm\u00fchle aus dem 18. Jahrhundert, die Leumolen, auch Ursulamolen genannt. Folgen Sie dem Bach eine Weile und schlendern Sie dann am anderen Ufer zur\u00fcck zum Besucherzentrum, wo es viel zu unternehmen gibt oder genie\u00dfen Sie eine Tasse Kaffee auf der Terrasse.<\/p>\n<p><strong>Knotenpunkte<\/strong><br>27 &#8211; 24 &#8211; 58 &#8211; 56 &#8211; 53 &#8211; 51 &#8211; 50 &#8211; 63 &#8211; 62 &#8211; 61 &#8211; 14 &#8211; 27<\/p>\t\t\t\t\t\t<\/div>\n\t\t\t\t<\/div>\n\t\t\t\t\t<\/div>\n\t\t<\/div>\n\t\t\t\t\t<\/div>\n\t\t<\/section>\n\t\t\t\t\t<\/div>\n\t\t<\/div>\n\t\t\t\t\t<\/div>\n\t\t<\/section>\n\t\t\t\t<\/div>","protected":false},"excerpt":{"rendered":"<p>Onze fiets- en wandelroutes Enkele suggesties In Kessel en omgeving zijn er talloze mooie fiets- en wandelroutes. Maar ook tot ver daarbuiten. Op de<\/p>","protected":false},"author":1,"featured_media":0,"parent":0,"menu_order":0,"comment_status":"closed","ping_status":"closed","template":"","meta":{"_monsterinsights_skip_tracking":false,"_monsterinsights_sitenote_active":false,"_monsterinsights_sitenote_note":"","_monsterinsights_sitenote_category":0,"footnotes":""},"class_list":["post-3939","page","type-page","status-publish","hentry"],"yoast_head":"<!-- This site is optimized with the Yoast SEO plugin v27.6 - https:\/\/yoast.com\/product\/yoast-seo-wordpress\/ -->\n<title>Er op uit - fiets-wandelroutes - Glamping aan de Maas<\/title>\n<meta name=\"robots\" content=\"index, follow, max-snippet:-1, max-image-preview:large, max-video-preview:-1\" \/>\n<link rel=\"canonical\" href=\"https:\/\/www.glampingaandemaas.nl\/de\/er-op-uit-fiets-wandelroutes\/\" \/>\n<meta property=\"og:locale\" content=\"de_DE\" \/>\n<meta property=\"og:type\" content=\"article\" \/>\n<meta property=\"og:title\" content=\"Er op uit - fiets-wandelroutes - Glamping aan de Maas\" \/>\n<meta property=\"og:description\" content=\"Onze fiets- en wandelroutes Enkele suggesties In Kessel en omgeving zijn er talloze mooie fiets- en wandelroutes. Maar ook tot ver daarbuiten. Op de\" \/>\n<meta property=\"og:url\" content=\"https:\/\/www.glampingaandemaas.nl\/de\/er-op-uit-fiets-wandelroutes\/\" \/>\n<meta property=\"og:site_name\" content=\"Glamping aan de Maas\" \/>\n<meta property=\"og:image\" content=\"https:\/\/www.glampingaandemaas.nl\/wp-content\/uploads\/2023\/09\/fietsen.jpg\" \/>\n<meta name=\"twitter:card\" content=\"summary_large_image\" \/>\n<meta name=\"twitter:label1\" content=\"Gesch\u00e4tzte Lesezeit\" \/>\n\t<meta name=\"twitter:data1\" content=\"3\u00a0Minuten\" \/>\n<script type=\"application\/ld+json\" class=\"yoast-schema-graph\">{\"@context\":\"https:\\\/\\\/schema.org\",\"@graph\":[{\"@type\":\"WebPage\",\"@id\":\"https:\\\/\\\/www.glampingaandemaas.nl\\\/er-op-uit-fiets-wandelroutes\\\/\",\"url\":\"https:\\\/\\\/www.glampingaandemaas.nl\\\/er-op-uit-fiets-wandelroutes\\\/\",\"name\":\"Er op uit - fiets-wandelroutes - Glamping aan de Maas\",\"isPartOf\":{\"@id\":\"https:\\\/\\\/www.glampingaandemaas.nl\\\/#website\"},\"primaryImageOfPage\":{\"@id\":\"https:\\\/\\\/www.glampingaandemaas.nl\\\/er-op-uit-fiets-wandelroutes\\\/#primaryimage\"},\"image\":{\"@id\":\"https:\\\/\\\/www.glampingaandemaas.nl\\\/er-op-uit-fiets-wandelroutes\\\/#primaryimage\"},\"thumbnailUrl\":\"https:\\\/\\\/www.glampingaandemaas.nl\\\/wp-content\\\/uploads\\\/2023\\\/09\\\/fietsen.jpg\",\"datePublished\":\"2024-01-16T18:05:18+00:00\",\"breadcrumb\":{\"@id\":\"https:\\\/\\\/www.glampingaandemaas.nl\\\/er-op-uit-fiets-wandelroutes\\\/#breadcrumb\"},\"inLanguage\":\"de\",\"potentialAction\":[{\"@type\":\"ReadAction\",\"target\":[\"https:\\\/\\\/www.glampingaandemaas.nl\\\/er-op-uit-fiets-wandelroutes\\\/\"]}]},{\"@type\":\"ImageObject\",\"inLanguage\":\"de\",\"@id\":\"https:\\\/\\\/www.glampingaandemaas.nl\\\/er-op-uit-fiets-wandelroutes\\\/#primaryimage\",\"url\":\"https:\\\/\\\/www.glampingaandemaas.nl\\\/wp-content\\\/uploads\\\/2023\\\/09\\\/fietsen.jpg\",\"contentUrl\":\"https:\\\/\\\/www.glampingaandemaas.nl\\\/wp-content\\\/uploads\\\/2023\\\/09\\\/fietsen.jpg\"},{\"@type\":\"BreadcrumbList\",\"@id\":\"https:\\\/\\\/www.glampingaandemaas.nl\\\/er-op-uit-fiets-wandelroutes\\\/#breadcrumb\",\"itemListElement\":[{\"@type\":\"ListItem\",\"position\":1,\"name\":\"Home\",\"item\":\"https:\\\/\\\/www.glampingaandemaas.nl\\\/\"},{\"@type\":\"ListItem\",\"position\":2,\"name\":\"Er op uit &#8211; fiets-wandelroutes\"}]},{\"@type\":\"WebSite\",\"@id\":\"https:\\\/\\\/www.glampingaandemaas.nl\\\/#website\",\"url\":\"https:\\\/\\\/www.glampingaandemaas.nl\\\/\",\"name\":\"Glamping aan de Maas\",\"description\":\"Natuurlijk genieten aan de Maas\",\"publisher\":{\"@id\":\"https:\\\/\\\/www.glampingaandemaas.nl\\\/#organization\"},\"potentialAction\":[{\"@type\":\"SearchAction\",\"target\":{\"@type\":\"EntryPoint\",\"urlTemplate\":\"https:\\\/\\\/www.glampingaandemaas.nl\\\/?s={search_term_string}\"},\"query-input\":{\"@type\":\"PropertyValueSpecification\",\"valueRequired\":true,\"valueName\":\"search_term_string\"}}],\"inLanguage\":\"de\"},{\"@type\":\"Organization\",\"@id\":\"https:\\\/\\\/www.glampingaandemaas.nl\\\/#organization\",\"name\":\"Glamping aan de Maas\",\"url\":\"https:\\\/\\\/www.glampingaandemaas.nl\\\/\",\"logo\":{\"@type\":\"ImageObject\",\"inLanguage\":\"de\",\"@id\":\"https:\\\/\\\/www.glampingaandemaas.nl\\\/#\\\/schema\\\/logo\\\/image\\\/\",\"url\":\"https:\\\/\\\/www.glampingaandemaas.nl\\\/wp-content\\\/uploads\\\/2023\\\/07\\\/gadm-logo-footer.png\",\"contentUrl\":\"https:\\\/\\\/www.glampingaandemaas.nl\\\/wp-content\\\/uploads\\\/2023\\\/07\\\/gadm-logo-footer.png\",\"width\":421,\"height\":114,\"caption\":\"Glamping aan de Maas\"},\"image\":{\"@id\":\"https:\\\/\\\/www.glampingaandemaas.nl\\\/#\\\/schema\\\/logo\\\/image\\\/\"}}]}<\/script>\n<!-- \/ Yoast SEO plugin. -->","yoast_head_json":{"title":"Er op uit - fiets-wandelroutes - Glamping aan de Maas","robots":{"index":"index","follow":"follow","max-snippet":"max-snippet:-1","max-image-preview":"max-image-preview:large","max-video-preview":"max-video-preview:-1"},"canonical":"https:\/\/www.glampingaandemaas.nl\/de\/er-op-uit-fiets-wandelroutes\/","og_locale":"de_DE","og_type":"article","og_title":"Er op uit - fiets-wandelroutes - Glamping aan de Maas","og_description":"Onze fiets- en wandelroutes Enkele suggesties In Kessel en omgeving zijn er talloze mooie fiets- en wandelroutes. Maar ook tot ver daarbuiten. Op de","og_url":"https:\/\/www.glampingaandemaas.nl\/de\/er-op-uit-fiets-wandelroutes\/","og_site_name":"Glamping aan de Maas","og_image":[{"url":"https:\/\/www.glampingaandemaas.nl\/wp-content\/uploads\/2023\/09\/fietsen.jpg","type":"","width":"","height":""}],"twitter_card":"summary_large_image","twitter_misc":{"Gesch\u00e4tzte Lesezeit":"3\u00a0Minuten"},"schema":{"@context":"https:\/\/schema.org","@graph":[{"@type":"WebPage","@id":"https:\/\/www.glampingaandemaas.nl\/er-op-uit-fiets-wandelroutes\/","url":"https:\/\/www.glampingaandemaas.nl\/er-op-uit-fiets-wandelroutes\/","name":"Er op uit - fiets-wandelroutes - Glamping aan de Maas","isPartOf":{"@id":"https:\/\/www.glampingaandemaas.nl\/#website"},"primaryImageOfPage":{"@id":"https:\/\/www.glampingaandemaas.nl\/er-op-uit-fiets-wandelroutes\/#primaryimage"},"image":{"@id":"https:\/\/www.glampingaandemaas.nl\/er-op-uit-fiets-wandelroutes\/#primaryimage"},"thumbnailUrl":"https:\/\/www.glampingaandemaas.nl\/wp-content\/uploads\/2023\/09\/fietsen.jpg","datePublished":"2024-01-16T18:05:18+00:00","breadcrumb":{"@id":"https:\/\/www.glampingaandemaas.nl\/er-op-uit-fiets-wandelroutes\/#breadcrumb"},"inLanguage":"de","potentialAction":[{"@type":"ReadAction","target":["https:\/\/www.glampingaandemaas.nl\/er-op-uit-fiets-wandelroutes\/"]}]},{"@type":"ImageObject","inLanguage":"de","@id":"https:\/\/www.glampingaandemaas.nl\/er-op-uit-fiets-wandelroutes\/#primaryimage","url":"https:\/\/www.glampingaandemaas.nl\/wp-content\/uploads\/2023\/09\/fietsen.jpg","contentUrl":"https:\/\/www.glampingaandemaas.nl\/wp-content\/uploads\/2023\/09\/fietsen.jpg"},{"@type":"BreadcrumbList","@id":"https:\/\/www.glampingaandemaas.nl\/er-op-uit-fiets-wandelroutes\/#breadcrumb","itemListElement":[{"@type":"ListItem","position":1,"name":"Home","item":"https:\/\/www.glampingaandemaas.nl\/"},{"@type":"ListItem","position":2,"name":"Er op uit &#8211; fiets-wandelroutes"}]},{"@type":"WebSite","@id":"https:\/\/www.glampingaandemaas.nl\/#website","url":"https:\/\/www.glampingaandemaas.nl\/","name":"Glamping aan de Maas","description":"Natuurlijk genieten aan de Maas","publisher":{"@id":"https:\/\/www.glampingaandemaas.nl\/#organization"},"potentialAction":[{"@type":"SearchAction","target":{"@type":"EntryPoint","urlTemplate":"https:\/\/www.glampingaandemaas.nl\/?s={search_term_string}"},"query-input":{"@type":"PropertyValueSpecification","valueRequired":true,"valueName":"search_term_string"}}],"inLanguage":"de"},{"@type":"Organization","@id":"https:\/\/www.glampingaandemaas.nl\/#organization","name":"Glamping aan de Maas","url":"https:\/\/www.glampingaandemaas.nl\/","logo":{"@type":"ImageObject","inLanguage":"de","@id":"https:\/\/www.glampingaandemaas.nl\/#\/schema\/logo\/image\/","url":"https:\/\/www.glampingaandemaas.nl\/wp-content\/uploads\/2023\/07\/gadm-logo-footer.png","contentUrl":"https:\/\/www.glampingaandemaas.nl\/wp-content\/uploads\/2023\/07\/gadm-logo-footer.png","width":421,"height":114,"caption":"Glamping aan de Maas"},"image":{"@id":"https:\/\/www.glampingaandemaas.nl\/#\/schema\/logo\/image\/"}}]}},"_links":{"self":[{"href":"https:\/\/www.glampingaandemaas.nl\/de\/wp-json\/wp\/v2\/pages\/3939","targetHints":{"allow":["GET"]}}],"collection":[{"href":"https:\/\/www.glampingaandemaas.nl\/de\/wp-json\/wp\/v2\/pages"}],"about":[{"href":"https:\/\/www.glampingaandemaas.nl\/de\/wp-json\/wp\/v2\/types\/page"}],"author":[{"embeddable":true,"href":"https:\/\/www.glampingaandemaas.nl\/de\/wp-json\/wp\/v2\/users\/1"}],"replies":[{"embeddable":true,"href":"https:\/\/www.glampingaandemaas.nl\/de\/wp-json\/wp\/v2\/comments?post=3939"}],"version-history":[{"count":61,"href":"https:\/\/www.glampingaandemaas.nl\/de\/wp-json\/wp\/v2\/pages\/3939\/revisions"}],"predecessor-version":[{"id":4316,"href":"https:\/\/www.glampingaandemaas.nl\/de\/wp-json\/wp\/v2\/pages\/3939\/revisions\/4316"}],"wp:attachment":[{"href":"https:\/\/www.glampingaandemaas.nl\/de\/wp-json\/wp\/v2\/media?parent=3939"}],"curies":[{"name":"wp","href":"https:\/\/api.w.org\/{rel}","templated":true}]}}