{"id":3102,"date":"2023-03-05T13:29:17","date_gmt":"2023-03-05T13:29:17","guid":{"rendered":"https:\/\/www.glampingaandemaas.nl\/?page_id=3102"},"modified":"2024-06-14T08:30:24","modified_gmt":"2024-06-14T08:30:24","slug":"algemene-voorwaarden","status":"publish","type":"page","link":"https:\/\/www.glampingaandemaas.nl\/de\/algemene-voorwaarden\/","title":{"rendered":"Algemene Voorwaarden"},"content":{"rendered":"<p><\/p>\n<p><b>Artikel 1: Definitionen<br><\/b><em style=\"letter-spacing: 0px;\">Der Unternehmer<\/em>: Glamping aan de Maas.<br><em style=\"letter-spacing: 0px;\">Der Urlauber<\/em>: die Person, die mit dem Unternehmer einen Vertrag \u00fcber die \u00dcbernachtung in einer Unterkunft abgeschlossen hat.<br><em style=\"letter-spacing: 0px;\">Dritte<\/em>: jede andere Person ausser dem Urlauber und\/oder seinen Miturlaubern.<br><em style=\"letter-spacing: 0px;\">Unterkunft<\/em>: Platz auf dem Gel\u00e4nde in Form eines Airstream-Wohnwagens, eines amerikanischen Schulbusses oder eines Ferienhauses.<br><em style=\"letter-spacing: 0px;\">Die Vereinbarung<\/em>: die Vereinbarung zwischen dem Urlauber und dem Unternehmer \u00fcber das Recht, eine Unterkunft f\u00fcr ein vorher vereinbartes Entgelt und einen vorher vereinbarten Zeitraum zu nutzen.<br><em style=\"letter-spacing: 0px;\">Information<\/em>: schriftliche oder elektronische Daten \u00fcber die Nutzung der Unterkunft, die Einrichtungen und die Regeln von Glamping aan de Maas.<br><em style=\"letter-spacing: 0px;\">Stornierung<\/em>: schriftliche K\u00fcndigung des Vertrages durch den Urlauber vor Beginn des Aufenthalts.<br><em style=\"letter-spacing: 0px;\">Hausregeln<\/em>:   die schriftliche Ordnung mit den Regeln f\u00fcr die Nutzung des Gel\u00e4ndes und der Einrichtungen.<\/p>\n<p><\/p>\n<p><\/p>\n<p><b>Artikel 2: Dauer der Vereinbarung<br><\/b>Der Vertrag erlischt von Rechts wegen nach Ablauf der vereinbarten Laufzeit, ohne dass es einer K\u00fcndigung bedarf.<\/p>\n<p><\/p>\n<p><\/p>\n<p><b>Artikel 3: Preis und Preis\u00e4nderungen<br><\/b>Der Preis wird auf der Grundlage der jeweils geltenden Tarife von Glamping aan de Maas vereinbart. Sollten seitens Glamping aan de Maas durch eine \u00c4nderung der Geb\u00fchren und\/oder Abgaben, die sich direkt auf die Ferienunterkunft oder den Urlauber beziehen, zus\u00e4tzliche Kosten entstanden sein, k\u00f6nnen diese dem Gast auch nach Abschluss des Mietvertrags in Rechnung gestellt werden Feiertag. Vereinbarung (ber\u00fccksichtigen Sie zum Beispiel Mehrwertsteuer und Kurtaxe).<\/p>\n<p><\/p>\n<p><\/p>\n<p><b>Artikel 4: Zahlungsbedingungen<br><\/b>Glamping aan de Maas verwendet die folgenden Zahlungsbedingungen:<\/p>\n<ul>\n<li>Zahlungen m\u00fcssen sofort nach der Reservierung in Euro erfolgen.&nbsp;<\/li>\n<li>Der Betrag kann \u00fcber iDeal bezahlt werden.<\/li>\n<\/ul>\n<p><\/p>\n<p><!-- \/wp:post-content --><\/p>\n<p><!-- wp:paragraph --><\/p>\n<p><b>Artikel 5: Anreise, Aufenthalt und Abreise<br><\/b>Indien de ondernemer erom vraagt dient de recreant, de mederecreant en\/of derde partij zich te kunnen legitimeren met een geldig legitimatiebewijs.&nbsp;De ondernemer mag hier een kopie van maken indien er materialen voor verhuur ter beschikking worden gesteld.<br>Bij aankomst op het terrein, vanaf 15.00 uur op de eerste dag van de overeenkomst, dient de recreant, mederecreant en\/of derde partij zich te melden bij de ondernemer.&nbsp;Indien de ondernemer niet aanwezig is, wordt er vooraf afgesproken waar zich een sleutel bevindt voor binnentreding in de accommodatie.&nbsp;Bij vertrek, voor 11.00 uur op de laatste dag van de overeenkomst, dient de recreant, mederecreant en\/of derde partij zich te melden bij de ondernemer om de check-out af te handelen.<br>Die Nutzung der Ferienunterkunft durch Dritte ist nur gestattet, wenn Glamping aan de Maas hierf\u00fcr eine schriftliche Genehmigung erteilt hat. An diese Erlaubnis k\u00f6nnen Auflagen gekn\u00fcpft werden, die schriftlich festgehalten werden.<br>Der Gast schuldet den vollen Preis f\u00fcr den vereinbarten Zeitraum, auch wenn er fr\u00fcher als vereinbart abreist.<\/p>\n<p><!-- \/wp:paragraph --><\/p>\n<p><!-- \/wp:list --><\/p>\n<p><!-- wp:paragraph --><\/p>\n<p><b>Artikel 6: Stornierung<br><\/b>F\u00fcr die Stornierung einer Reserviering gelten bei Glamping aan de Maas die folgenden Bdingungen:<\/p>\n<ul>\n<li>Bei einer Stornierung innerhalb von 24 Stunden nach der Buchung fallen keine Geb\u00fchren an.<\/li>\n<li>Der Gast kann bis zu 20 Tage vor Beginn des Aufenthalts kostenfrei stornieren oder umziehen.<\/li>\n<li>Wenn der Gast innerhalb von 20 Tagen vor Beginn des Aufenthalts storniert, werden 100 % des Reservierungswerts in Rechnung gestellt.<\/li>\n<li>Sollte der Gast zum reservierten Termin nicht erscheinen, erfolgt keine R\u00fcckerstattung.<\/li>\n<\/ul>\n<p><!-- \/wp:list-item --><\/p>\n<p><!-- \/wp:list --><\/p>\n<p><!-- wp:paragraph --><\/p>\n<p><b>Artikel 7: Vorzeitige Beendigung des Vertrags<br><\/b>Der Aufenthalt kann von Glamping aan de Maas vorzeitig beendet werden:<\/p>\n<ul>\n<li>Wenn der Gast die Eigent\u00fcmer der Ferienunterkunft und\/oder andere G\u00e4ste bel\u00e4stigt oder die gute Atmosph\u00e4re auf oder in der unmittelbaren Umgebung des Campingplatzes beeintr\u00e4chtigt. Glamping aan de Maas wird den Gast m\u00fcndlich und schriftlich \u00fcber die Beendigung des Aufenthalts informieren.<\/li>\n<li>Zuvor erfolgt stets eine m\u00fcndliche oder schriftliche Abmahnung durch den Unternehmer.<\/li>\n<li>Diebstahl, Vandalismus, Aggression, Drogenkonsum, beleidigende Ausdr\u00fccke aufgrund von Rasse, Natur oder Religion sind unter anderem Gr\u00fcnde f\u00fcr die sofortige Entfernung von der Website.<\/li>\n<\/ul>\n<p><!-- \/wp:list-item --><\/p>\n<p><!-- \/wp:list --><\/p>\n<p><!-- wp:paragraph --><\/p>\n<p><b>Artikel 8: Vertreibung<br><\/b>Als de overeenkomst is be\u00ebindigd, moet de recreant, uiterlijk om 11.00 uur \u0301s ochtends op de laatste dag van de overeengekomen periode, de accommodatie bezemschoon opleveren. Er zal samen met de recreant, mederecreant en\/of derde partij een inspectie plaatsvinden van de accommodatie.&nbsp;Indien blijkt dat er schades zijn aan de accommodatie zijn deze voor rekening van de recreant.&nbsp;Indien er een specialistisch bedrijf ingehuurd dient te worden ter schoonmaak is dit voor rekening van de recreant.<\/p>\n<p><!-- \/wp:list-item --><\/p>\n<p><!-- \/wp:list --><\/p>\n<p><!-- wp:paragraph --><\/p>\n<p><b>Artikel 9: Gesetze und Richtlinien<br><\/b>Glamping aan de Maas wird sein M\u00f6glichstes tun, um sicherzustellen, dass die Ferienunterkunft (sowohl innen als auch au\u00dfen) allen Umwelt- und Sicherheitsanforderungen entspricht, die die Regierung m\u00f6glicherweise an die Ferienunterkunft stellt. Der Gast wird gebeten, alle vor Ort geltenden Sicherheitsvorschriften strikt einzuhalten. Es wurden Einrichtungen zur M\u00fclltrennung installiert. Der Urlauber ist verpflichtet, die Vorschriften der Gemeinde einzuhalten. Weitere Informationen zur M\u00fclltrennung erhalten Sie in der Unterkunft. Das Rauchen ist in der Unterkunft nicht gestattet. Im Freien werden Urlauber gebeten, beim Rauchen Zur\u00fcckhaltung zu \u00fcben und auf keinen Fall Zigarettenstummel in die B\u00fcsche oder zwischen die B\u00e4ume zu werfen. Brandgefahr, insbesondere in Trockenperioden und im Sommer.<\/p>\n<p><!-- \/wp:paragraph --><\/p>\n<p><!-- wp:paragraph --><\/p>\n<p><b>Artikel 10: Haftung<br><\/b>Der Unternehmer haftet nicht f\u00fcr Unf\u00e4lle, Diebst\u00e4hle oder Sch\u00e4den auf seinem Gel\u00e4nde, es sei denn, diese sind auf einen vom Unternehmer zu vertretenden Mangel zur\u00fcckzuf\u00fchren.<br>Der Unternehmer haftet nicht f\u00fcr die Folgen extremer Wetterbedingungen oder anderer Formen h\u00f6herer Gewalt.<br>De ondernemer is aansprakelijk voor storingen in zijn gedeelte van de nutsvoorzieningen, tenzij hij een beroep kan doen op overmacht of als deze storingen verband houden met de leiding vanaf het overnamepunt van de recreant.&nbsp;De recreant is aansprakelijk voor storingen in het gedeelte van de nutsvoorzieningen, gerekend vanaf het overnamepunt, tenzij er sprake is van overmacht.<br>Der Urlauber haftet gegen\u00fcber dem Unternehmer f\u00fcr Sch\u00e4den, die durch Handlungen oder Unterlassungen von ihm selbst, den Miturlaubern und\/oder Dritten verursacht werden, soweit es sich um Sch\u00e4den handelt, die dem Urlauber, den Miturlaubern oder den Miturlaubern entstehen. und\/oder Dritten zugerechnet werden k\u00f6nnen.<br>Der Unternehmer verpflichtet sich, bei Bel\u00e4stigungen durch den Urlauber und nach Benachrichtigung durch andere Urlauber geeignete Ma\u00dfnahmen zu ergreifen.<br>Die Nutzung des Grills, der Sauna oder des Whirlpools erfolgt ausschlie\u00dflich auf eigenes Risiko des Urlaubers.<\/p>\n<p><!-- \/wp:list-item --><\/p>\n<p><!-- \/wp:list --><\/p>\n<p><!-- wp:paragraph --><\/p>\n<p><b>Artikel 11: Beschwerden<br><\/b>Eine Beschwerde eines Urlaubers wird immer schriftlich beim Unternehmer eingereicht. Die Einreichung einer Beschwerde hat keine aufschiebende Wirkung auf die Zahlung des Urlaubers.<br>Der Unternehmer wird Ihre Beschwerde pr\u00fcfen und sie in aller Angemessenheit und Fairness bearbeiten. Ist der Urlauber damit nicht zufrieden, gilt niederl\u00e4ndisches Recht.<\/p>\n<p><em><\/em><\/p>\n<p><!-- \/wp:paragraph --><\/p>","protected":false},"excerpt":{"rendered":"<p>Artikel 1: DefinitiesDe ondernemer: Glamping aan de Maas.De recreant: degene die met de ondernemer een overeenkomst is aangegaan betreffende een overnachting in een accommodatie.Derde:<\/p>","protected":false},"author":1,"featured_media":0,"parent":0,"menu_order":0,"comment_status":"closed","ping_status":"closed","template":"","meta":{"footnotes":""},"class_list":["post-3102","page","type-page","status-publish","hentry"],"yoast_head":"<!-- This site is optimized with the Yoast SEO plugin v27.4 - https:\/\/yoast.com\/product\/yoast-seo-wordpress\/ -->\n<title>Algemene Voorwaarden - Glamping aan de Maas<\/title>\n<meta name=\"robots\" content=\"index, follow, max-snippet:-1, max-image-preview:large, max-video-preview:-1\" \/>\n<link rel=\"canonical\" href=\"https:\/\/www.glampingaandemaas.nl\/de\/algemene-voorwaarden\/\" \/>\n<meta property=\"og:locale\" content=\"de_DE\" \/>\n<meta property=\"og:type\" content=\"article\" \/>\n<meta property=\"og:title\" content=\"Algemene Voorwaarden - Glamping aan de Maas\" \/>\n<meta property=\"og:description\" content=\"Artikel 1: DefinitiesDe ondernemer: Glamping aan de Maas.De recreant: degene die met de ondernemer een overeenkomst is aangegaan betreffende een overnachting in een accommodatie.Derde:\" \/>\n<meta property=\"og:url\" content=\"https:\/\/www.glampingaandemaas.nl\/de\/algemene-voorwaarden\/\" \/>\n<meta property=\"og:site_name\" content=\"Glamping aan de Maas\" \/>\n<meta property=\"article:modified_time\" content=\"2024-06-14T08:30:24+00:00\" \/>\n<meta name=\"twitter:card\" content=\"summary_large_image\" \/>\n<meta name=\"twitter:label1\" content=\"Gesch\u00e4tzte Lesezeit\" \/>\n\t<meta name=\"twitter:data1\" content=\"6\u00a0Minuten\" \/>\n<script type=\"application\/ld+json\" class=\"yoast-schema-graph\">{\"@context\":\"https:\\\/\\\/schema.org\",\"@graph\":[{\"@type\":\"WebPage\",\"@id\":\"https:\\\/\\\/www.glampingaandemaas.nl\\\/algemene-voorwaarden\\\/\",\"url\":\"https:\\\/\\\/www.glampingaandemaas.nl\\\/algemene-voorwaarden\\\/\",\"name\":\"Algemene Voorwaarden - Glamping aan de Maas\",\"isPartOf\":{\"@id\":\"https:\\\/\\\/www.glampingaandemaas.nl\\\/#website\"},\"datePublished\":\"2023-03-05T13:29:17+00:00\",\"dateModified\":\"2024-06-14T08:30:24+00:00\",\"breadcrumb\":{\"@id\":\"https:\\\/\\\/www.glampingaandemaas.nl\\\/algemene-voorwaarden\\\/#breadcrumb\"},\"inLanguage\":\"de\",\"potentialAction\":[{\"@type\":\"ReadAction\",\"target\":[\"https:\\\/\\\/www.glampingaandemaas.nl\\\/algemene-voorwaarden\\\/\"]}]},{\"@type\":\"BreadcrumbList\",\"@id\":\"https:\\\/\\\/www.glampingaandemaas.nl\\\/algemene-voorwaarden\\\/#breadcrumb\",\"itemListElement\":[{\"@type\":\"ListItem\",\"position\":1,\"name\":\"Home\",\"item\":\"https:\\\/\\\/www.glampingaandemaas.nl\\\/\"},{\"@type\":\"ListItem\",\"position\":2,\"name\":\"Algemene Voorwaarden\"}]},{\"@type\":\"WebSite\",\"@id\":\"https:\\\/\\\/www.glampingaandemaas.nl\\\/#website\",\"url\":\"https:\\\/\\\/www.glampingaandemaas.nl\\\/\",\"name\":\"Glamping aan de Maas\",\"description\":\"Natuurlijk genieten aan de Maas\",\"publisher\":{\"@id\":\"https:\\\/\\\/www.glampingaandemaas.nl\\\/#organization\"},\"potentialAction\":[{\"@type\":\"SearchAction\",\"target\":{\"@type\":\"EntryPoint\",\"urlTemplate\":\"https:\\\/\\\/www.glampingaandemaas.nl\\\/?s={search_term_string}\"},\"query-input\":{\"@type\":\"PropertyValueSpecification\",\"valueRequired\":true,\"valueName\":\"search_term_string\"}}],\"inLanguage\":\"de\"},{\"@type\":\"Organization\",\"@id\":\"https:\\\/\\\/www.glampingaandemaas.nl\\\/#organization\",\"name\":\"Glamping aan de Maas\",\"url\":\"https:\\\/\\\/www.glampingaandemaas.nl\\\/\",\"logo\":{\"@type\":\"ImageObject\",\"inLanguage\":\"de\",\"@id\":\"https:\\\/\\\/www.glampingaandemaas.nl\\\/#\\\/schema\\\/logo\\\/image\\\/\",\"url\":\"https:\\\/\\\/www.glampingaandemaas.nl\\\/wp-content\\\/uploads\\\/2023\\\/07\\\/gadm-logo-footer.png\",\"contentUrl\":\"https:\\\/\\\/www.glampingaandemaas.nl\\\/wp-content\\\/uploads\\\/2023\\\/07\\\/gadm-logo-footer.png\",\"width\":421,\"height\":114,\"caption\":\"Glamping aan de Maas\"},\"image\":{\"@id\":\"https:\\\/\\\/www.glampingaandemaas.nl\\\/#\\\/schema\\\/logo\\\/image\\\/\"}}]}<\/script>\n<!-- \/ Yoast SEO plugin. -->","yoast_head_json":{"title":"Algemene Voorwaarden - Glamping aan de Maas","robots":{"index":"index","follow":"follow","max-snippet":"max-snippet:-1","max-image-preview":"max-image-preview:large","max-video-preview":"max-video-preview:-1"},"canonical":"https:\/\/www.glampingaandemaas.nl\/de\/algemene-voorwaarden\/","og_locale":"de_DE","og_type":"article","og_title":"Algemene Voorwaarden - Glamping aan de Maas","og_description":"Artikel 1: DefinitiesDe ondernemer: Glamping aan de Maas.De recreant: degene die met de ondernemer een overeenkomst is aangegaan betreffende een overnachting in een accommodatie.Derde:","og_url":"https:\/\/www.glampingaandemaas.nl\/de\/algemene-voorwaarden\/","og_site_name":"Glamping aan de Maas","article_modified_time":"2024-06-14T08:30:24+00:00","twitter_card":"summary_large_image","twitter_misc":{"Gesch\u00e4tzte Lesezeit":"6\u00a0Minuten"},"schema":{"@context":"https:\/\/schema.org","@graph":[{"@type":"WebPage","@id":"https:\/\/www.glampingaandemaas.nl\/algemene-voorwaarden\/","url":"https:\/\/www.glampingaandemaas.nl\/algemene-voorwaarden\/","name":"Algemene Voorwaarden - Glamping aan de Maas","isPartOf":{"@id":"https:\/\/www.glampingaandemaas.nl\/#website"},"datePublished":"2023-03-05T13:29:17+00:00","dateModified":"2024-06-14T08:30:24+00:00","breadcrumb":{"@id":"https:\/\/www.glampingaandemaas.nl\/algemene-voorwaarden\/#breadcrumb"},"inLanguage":"de","potentialAction":[{"@type":"ReadAction","target":["https:\/\/www.glampingaandemaas.nl\/algemene-voorwaarden\/"]}]},{"@type":"BreadcrumbList","@id":"https:\/\/www.glampingaandemaas.nl\/algemene-voorwaarden\/#breadcrumb","itemListElement":[{"@type":"ListItem","position":1,"name":"Home","item":"https:\/\/www.glampingaandemaas.nl\/"},{"@type":"ListItem","position":2,"name":"Algemene Voorwaarden"}]},{"@type":"WebSite","@id":"https:\/\/www.glampingaandemaas.nl\/#website","url":"https:\/\/www.glampingaandemaas.nl\/","name":"Glamping aan de Maas","description":"Natuurlijk genieten aan de Maas","publisher":{"@id":"https:\/\/www.glampingaandemaas.nl\/#organization"},"potentialAction":[{"@type":"SearchAction","target":{"@type":"EntryPoint","urlTemplate":"https:\/\/www.glampingaandemaas.nl\/?s={search_term_string}"},"query-input":{"@type":"PropertyValueSpecification","valueRequired":true,"valueName":"search_term_string"}}],"inLanguage":"de"},{"@type":"Organization","@id":"https:\/\/www.glampingaandemaas.nl\/#organization","name":"Glamping aan de Maas","url":"https:\/\/www.glampingaandemaas.nl\/","logo":{"@type":"ImageObject","inLanguage":"de","@id":"https:\/\/www.glampingaandemaas.nl\/#\/schema\/logo\/image\/","url":"https:\/\/www.glampingaandemaas.nl\/wp-content\/uploads\/2023\/07\/gadm-logo-footer.png","contentUrl":"https:\/\/www.glampingaandemaas.nl\/wp-content\/uploads\/2023\/07\/gadm-logo-footer.png","width":421,"height":114,"caption":"Glamping aan de Maas"},"image":{"@id":"https:\/\/www.glampingaandemaas.nl\/#\/schema\/logo\/image\/"}}]}},"_links":{"self":[{"href":"https:\/\/www.glampingaandemaas.nl\/de\/wp-json\/wp\/v2\/pages\/3102","targetHints":{"allow":["GET"]}}],"collection":[{"href":"https:\/\/www.glampingaandemaas.nl\/de\/wp-json\/wp\/v2\/pages"}],"about":[{"href":"https:\/\/www.glampingaandemaas.nl\/de\/wp-json\/wp\/v2\/types\/page"}],"author":[{"embeddable":true,"href":"https:\/\/www.glampingaandemaas.nl\/de\/wp-json\/wp\/v2\/users\/1"}],"replies":[{"embeddable":true,"href":"https:\/\/www.glampingaandemaas.nl\/de\/wp-json\/wp\/v2\/comments?post=3102"}],"version-history":[{"count":41,"href":"https:\/\/www.glampingaandemaas.nl\/de\/wp-json\/wp\/v2\/pages\/3102\/revisions"}],"predecessor-version":[{"id":4906,"href":"https:\/\/www.glampingaandemaas.nl\/de\/wp-json\/wp\/v2\/pages\/3102\/revisions\/4906"}],"wp:attachment":[{"href":"https:\/\/www.glampingaandemaas.nl\/de\/wp-json\/wp\/v2\/media?parent=3102"}],"curies":[{"name":"wp","href":"https:\/\/api.w.org\/{rel}","templated":true}]}}